{"id":11,"date":"2021-02-17T18:35:21","date_gmt":"2021-02-17T18:35:21","guid":{"rendered":"https:\/\/fundacionemplea.org\/cursos\/?post_type=product&#038;p=11"},"modified":"2026-05-06T03:36:46","modified_gmt":"2026-05-06T03:36:46","slug":"curso-fundacion-emplea","status":"publish","type":"product","link":"https:\/\/fundacionemplea.org\/cursos\/producto\/curso-fundacion-emplea\/","title":{"rendered":"Curso ECA &#8211; Fundaci\u00f3n Emplea"},"content":{"rendered":"<div style=\"margin-bottom: 30px!important;\"><a class=\"single_add_to_cart_button\" href=\"https:\/\/docs.google.com\/forms\/d\/e\/1FAIpQLSdbrDKhUJl-QfTJLtTM-WN6SPFwBXOx6xMezMNo2biTkNeNqQ\/viewform\" target=\"_blank\" rel=\"noopener\">Inscribirme<\/a><\/div>\n<div><\/div>\n<div>\n<p>Les invitamos a participar en el Curso \u2018<strong>Curso de Empleo con Apoyo Personalizado<\/strong>\u2018\u00a0para favorecer la inclusi\u00f3n laboral de personas en situaci\u00f3n de exclusi\u00f3n social, entre las que se encuentran las personas con discapacidad.<\/p>\n<p>Promovido por\u00a0<strong>Plena inclusi\u00f3n Regi\u00f3n de Murcia<\/strong>, colaborando en su organizaci\u00f3n y acreditaci\u00f3n la\u00a0Fundaci\u00f3n Emplea,\u00a0e impartido por profesionales con dilatada experiencia en este campo.<\/p>\n<p>Es un curso no presencial que se enmarca en lo que se conoce como tele formaci\u00f3n o\u00a0<strong>formaci\u00f3n a distancia<\/strong>. A pesar del formato electr\u00f3nico, el curso se plantea como muy pr\u00f3ximo a los alumnos y a sus intereses, propiciando una comunicaci\u00f3n muy fluida entre profesor y alumno y, tambi\u00e9n, entre todos los participantes.<\/p>\n<p>Esta formaci\u00f3n cuenta, adem\u00e1s, con todos los instrumentos necesarios y adecuados para poder resolver en todo momento cualquier duda o cuesti\u00f3n emergente.<\/p>\n<p>El contenido del curso es amplio y extenso, consta de\u00a0<strong>doce unidades did\u00e1cticas<\/strong>, que representan una exigencia de\u00a0<strong>100 horas te\u00f3ricas, y si se lleva un caso desde el principio, con una persona de referencia, certificar\u00edamos, adem\u00e1s, 100 horas de pr\u00e1cticas<\/strong>,\u00a0distribuidas en un temario que contempla todas las fases del empleo con apoyo y los procedimientos de seguimiento individualizado.<\/p>\n<p>La siguiente formaci\u00f3n dar\u00e1 comienzo d\u00eda\u00a0<strong>18 de marzo de 2026 y finalizar\u00e1 el d\u00eda 5 de junio de 2026.\u00a0\u00a0<\/strong>Est\u00e1 abierto<strong>\u00a0el plazo de inscripci\u00f3n\u00a0hasta el 17 de marzo de 2026\u00a0<\/strong>para cualquier profesional que est\u00e9 interesado en realizarlo.<\/p>\n<p><strong>Las plazas son limitadas.<\/strong><\/p>\n<p>Para\u00a0<strong>inscripciones<\/strong>\u00a0rogamos abonar la matr\u00edcula por transferencia o Pay Pal. Una vez realizado el pago, es imprescindible enviar el justificante al correo electr\u00f3nico\u00a0<strong>santi@plenainclusionmurcia.org<\/strong>\u00a0y a\u00a0<strong>empleoconapoyo.cursos@gmail.com.<\/strong><\/p>\n<p><strong>\u00a0<\/strong>El pago debe realizarse\u00a0<strong>antes del d\u00eda\u00a017 de marzo de 2026.\u00a0<\/strong>Tras recibir el justificante, se enviar\u00e1n por correo electr\u00f3nico las claves de acceso a la plataforma del curso.<\/p>\n<p>En el caso de elegir la transferencia bancaria, el ingreso debe hacerse a la cuenta de PLENA INCLUSI\u00d3N REGI\u00d3N DE MURCIA (<strong>IBAN: ES38 0487 0117 4020 0051 4941<\/strong>).<\/p>\n<p>La cuota de inscripci\u00f3n es de\u00a0<strong>380<\/strong>\u00a0euros.<\/p>\n<p>Los socios y socias de Plena Inclusi\u00f3n Regi\u00f3n de Murcia, de la Red E-Impact de Fundaci\u00f3n Emplea y los profesionales en Latinoam\u00e9rica disponen de un descuento de<strong>\u00a060<\/strong>\u00a0euros sobre el precio de la inscripci\u00f3n.<\/p>\n<p>Se puede pagar por transferencia bancaria o PayPal. A la hora de realizar el pago mediante la plataforma PayPal en esta misma p\u00e1gina web (debajo de este texto), estas \u00faltimas personas deben escoger la opci\u00f3n \u2018Con Descuento\u2019.<\/p>\n<p>&nbsp;<\/p>\n<\/div>\n<div style=\"margin-bottom: 30px!important;\"><a class=\"single_add_to_cart_button\" href=\"https:\/\/plenainclusionmurcia.org\/cms\/wp-content\/uploads\/2019\/04\/invitacion-curso-ecap-45-online.pdf\" target=\"_blank\" rel=\"noopener\">Ver presentaci\u00f3n del curso<\/a><\/div>\n","protected":false},"excerpt":{"rendered":"<style>\n.cart{display:none;}<br \/><\/style>\n","protected":false},"featured_media":127,"comment_status":"open","ping_status":"closed","template":"","meta":[],"product_brand":[],"product_cat":[15],"product_tag":[],"class_list":{"0":"post-11","1":"product","2":"type-product","3":"status-publish","4":"has-post-thumbnail","6":"product_cat-formacion","8":"first","9":"instock","10":"shipping-taxable","11":"purchasable","12":"product-type-simple"},"jetpack_sharing_enabled":true,"_links":{"self":[{"href":"https:\/\/fundacionemplea.org\/cursos\/wp-json\/wp\/v2\/product\/11","targetHints":{"allow":["GET"]}}],"collection":[{"href":"https:\/\/fundacionemplea.org\/cursos\/wp-json\/wp\/v2\/product"}],"about":[{"href":"https:\/\/fundacionemplea.org\/cursos\/wp-json\/wp\/v2\/types\/product"}],"replies":[{"embeddable":true,"href":"https:\/\/fundacionemplea.org\/cursos\/wp-json\/wp\/v2\/comments?post=11"}],"wp:featuredmedia":[{"embeddable":true,"href":"https:\/\/fundacionemplea.org\/cursos\/wp-json\/wp\/v2\/media\/127"}],"wp:attachment":[{"href":"https:\/\/fundacionemplea.org\/cursos\/wp-json\/wp\/v2\/media?parent=11"}],"wp:term":[{"taxonomy":"product_brand","embeddable":true,"href":"https:\/\/fundacionemplea.org\/cursos\/wp-json\/wp\/v2\/product_brand?post=11"},{"taxonomy":"product_cat","embeddable":true,"href":"https:\/\/fundacionemplea.org\/cursos\/wp-json\/wp\/v2\/product_cat?post=11"},{"taxonomy":"product_tag","embeddable":true,"href":"https:\/\/fundacionemplea.org\/cursos\/wp-json\/wp\/v2\/product_tag?post=11"}],"curies":[{"name":"wp","href":"https:\/\/api.w.org\/{rel}","templated":true}]}}